{"id":43,"date":"2025-11-24T23:59:56","date_gmt":"2025-11-24T23:59:56","guid":{"rendered":"https:\/\/gasolinerasgrupopetroil.com.mx\/?page_id=43"},"modified":"2025-11-25T17:48:14","modified_gmt":"2025-11-25T17:48:14","slug":"aviso-de-privacidad","status":"publish","type":"page","link":"https:\/\/gasolinerasgrupopetroil.com.mx\/?page_id=43","title":{"rendered":"Aviso de Privacidad"},"content":{"rendered":"\t\t<div data-elementor-type=\"wp-page\" data-elementor-id=\"43\" class=\"elementor elementor-43\" data-elementor-post-type=\"page\">\n\t\t\t\t<div class=\"elementor-element elementor-element-f306e99 e-flex e-con-boxed e-con e-parent\" data-id=\"f306e99\" data-element_type=\"container\" data-e-type=\"container\" data-settings=\"{&quot;background_background&quot;:&quot;classic&quot;}\">\n\t\t\t\t\t<div class=\"e-con-inner\">\n\t\t\t\t<div class=\"elementor-element elementor-element-1db29412 elementor-widget elementor-widget-heading\" data-id=\"1db29412\" data-element_type=\"widget\" data-e-type=\"widget\" data-widget_type=\"heading.default\">\n\t\t\t\t\t<h2 class=\"elementor-heading-title elementor-size-default\">AVISO DE PRIVACIDAD<\/h2>\t\t\t\t<\/div>\n\t\t\t\t\t<\/div>\n\t\t\t\t<\/div>\n\t\t<div class=\"elementor-element elementor-element-4e19de5 e-flex e-con-boxed e-con e-parent\" data-id=\"4e19de5\" data-element_type=\"container\" data-e-type=\"container\">\n\t\t\t\t\t<div class=\"e-con-inner\">\n\t\t\t\t<div class=\"elementor-element elementor-element-6000e86 elementor-widget elementor-widget-text-editor\" data-id=\"6000e86\" data-element_type=\"widget\" data-e-type=\"widget\" data-widget_type=\"text-editor.default\">\n\t\t\t\t\t\t\t\t\t<p class=\"panel_title\"><strong>PETROPLAZAS S.A. DE C.V.<\/strong> con domicilio en: Ave. Marina Mazatl\u00e1n no. 2216 Fracc. La Marina C.P. 82102, Ave. Manuel J. Clouthier no. 8002 Fracc. Infonavit La Foresta C.P. 82198, Ave. Obrero Mundial no. 2328 Col. 12 de mayo C.P. 82020, Ave. Camar\u00f3n S\u00e1balo no. 4709 Fracc. S\u00e1balo Country Club C.P. 82100 y en Azalea no. 4901 Col. Ricardo Flores Mang\u00f3n C.P. 82190; SERVICIO INSURGENTES DE MAZATL\u00c1N, SA DE CV con domicilio en: Carretera Internacional Ave. Insurgentes SN Col. L\u00f3pez Mateos. CP 82140, Av. Munich 1404 Col. Jaripillo CP 82136; SERVICIO GUZM\u00c1N Y GONZ\u00c1LEZ, SA DE CV Ave. Miguel Alem\u00e1n y Aquiles Serd\u00e1n SN Col. Centro CP 82000 a quienes se les denomina comercialmente como \u201cRedpetroil\u201d.<\/p><div class=\"parrafo\"><div>DECLARAN: Que sus datos personales estar\u00e1n a cargo del C. Jorge Luis Camacho Peinado quien es el \u00fanico responsable del tratamiento de los mismos. Tiene su departamento de privacidad con domicilio en Ave. Marina Mazatl\u00e1n n\u00famero 2216, Fraccionamiento La Marina C.P. 82102 en Mazatl\u00e1n, Sinaloa, M\u00e9xico, hace de su conocimiento que puede contactarnos para alguna duda, comentario, queja o sugerencia en nuestra p\u00e1gina www.redpetroil.com, correo electr\u00f3nico privacidad@redpetroil.com y\/o envi\u00e1ndonos un mensaje a nuestro facebook: Redpetroil para lo pertinente al uso de sus datos personales.<\/div><div>Con la finalidad de orientar sobre la informaci\u00f3n recabada al titular de sus datos personales de acuerdo a la Ley Federal de Protecci\u00f3n de Datos Personales en Posesi\u00f3n de Particulares, presentamos una declaraci\u00f3n de los elementos informativos en nuestro aviso de privacidad:<\/div><div style=\"padding-left: 40px;\"><strong>I) Datos Personales Recabados: (art. 15)<\/strong> Para las finalidades se\u00f1aladas en el presente aviso de privacidad, podemos recabar sus datos personales de distintas formas de acuerdo al art\u00edculo 17: Cuando usted nos lo proporciona directamente al participar en nuestras promociones o nos da la informaci\u00f3n con objeto de que le prestemos un servicio, cuando utiliza nuestros medios electr\u00f3nicos como nuestra p\u00e1gina web www.redpetroil.com, a trav\u00e9s de nuestro correo electr\u00f3nico privacidad@redpetroil.com y\/o cuando nos visita en nuestra p\u00e1gina de facebook https:\/\/www.facebook.com\/pages\/Red-Petroil\/112906892168976?fref=ts; asimismo a trav\u00e9s de otras fuentes permitidas por la ley.<\/div><div style=\"padding-left: 40px;\">\u00a0<\/div><\/div><div style=\"padding-left: 40px;\">Los datos que directamente y a trav\u00e9s de nuestros medios electr\u00f3nicos se solicitan actualmente son:<\/div><div style=\"padding-left: 40px;\">\u00a0<\/div><ul><li style=\"list-style-type: none;\"><ul><li style=\"list-style-type: none;\"><ul><li>Nombre completo<\/li><li>Domicilio completo<\/li><li>N\u00famero celular<\/li><li>Correo electr\u00f3nico<\/li><li>RFC<\/li><li>CURP<\/li><li>Nombre de la empresa<\/li><li>Domicilio completo de la empresa<\/li><li>RFC de la empresa<\/li><li>R\u00e9gimen y tipo de persona (f\u00edsica \u00f3 moral)<\/li><li>Formas de pago: (efectivo, vales, cheques, dep\u00f3sitos y\/o visas)<\/li><li>Credencial de Elector (IFE)<\/li><\/ul><\/li><\/ul><\/li><\/ul><div style=\"padding-left: 40px;\">Asimismo, en un futuro, la empresa podr\u00e1 solicitar datos que considere convenientes.<\/div><div>\u00a0<\/div><p style=\"padding-left: 40px;\"><strong>II) Finalidades del Tratamiento de sus Datos Personales: (art. 15)<\/strong> sus datos personales ser\u00e1n utilizados para las siguientes finalidades:<\/p><ul><li style=\"list-style-type: none;\"><ul><li style=\"list-style-type: none;\"><ul><li>Proveer servicios y productos requeridos<\/li><li>Informar sobre nuevos productos, servicios y\/o promociones<\/li><li>Proporcionar beneficios y recompensas<\/li><li>Dar cumplimiento a obligaciones contra\u00eddas con nuestros clientes<\/li><li>Informar sobre cambios de nuestros productos \u00f3 servicios<\/li><li>Evaluar la calidad del servicio<\/li><li>Realizar estudios internos sobre h\u00e1bitos de consumo<\/li><li>Afiliar al cliente a una tarjeta de fidelidad donde acumula puntos canjeables por premios<\/li><li>Hacerle llegar promociones propias y de terceros<\/li><li>Identificaci\u00f3n de nuestro cliente<\/li><\/ul><\/li><\/ul><\/li><\/ul><p style=\"padding-left: 40px;\"><strong>III) Revocaci\u00f3n al Consentimiento de datos Personales: (art. 8)<\/strong> El titular tiene derecho a revocar en cualquier momento el consentimiento que otorg\u00f3 al encargado para el tratamiento de sus datos personales. Esto se podr\u00e1 llevar a cabo solicit\u00e1ndolo en nuestro correo electr\u00f3nico privacidad@redpetroil.com, donde tendremos un plazo m\u00e1ximo de 20 (veinte) d\u00edas para atender su petici\u00f3n si resulta procedente, y se haga efectiva la misma dentro de los 15 (quince) d\u00edas siguientes a la fecha, donde la respuesta se har\u00e1 a la direcci\u00f3n de correo electr\u00f3nico desde donde se realiz\u00f3 la solicitud.<\/p><p><strong>IV) Medios para Ejercer los Derechos de Acceso, Rectificaci\u00f3n, Cancelaci\u00f3n u Oposici\u00f3n de Datos Personales (ARCO) y Limitaci\u00f3n del Uso de Divulgaci\u00f3n de sus Datos Personales: (art. 16)<\/strong> Usted tiene el derecho de acceder a sus datos personales que poseemos y a los detalles del tratamiento de los mismos, as\u00ed como rectificarlos en caso de ser inexactos o instruirnos, cancelarlos cuando considere que resulten ser excesivos o innecesarios para la finalidad que justificaron su obtenci\u00f3n u oponerse al tratamiento de los mismos para fines espec\u00edficos.<\/p><div style=\"padding-left: 40px;\"><p>As\u00ed como puede limitar \u00f3 dejar de recibir mensajes promocionales por tel\u00e9fono fijo o celulares, as\u00ed como dejar de recibir correo postal publicitario (que puede contener instrucciones para optar por no participar).<\/p><p>El mecanismo que se ha implementado para ejercer los derechos ARCO y la limitaci\u00f3n del uso y divulgaci\u00f3n de sus datos personales es a trav\u00e9s de una solicitud al correo electr\u00f3nico privacidad@redpetroil.com, dirigida al responsable del tratamiento de sus datos (Jorge Luis Camacho Peinado).<\/p><\/div><div style=\"padding-left: 40px;\"><strong>V) Transferencia de Datos: (art. 36)<\/strong> Nosotros no realizamos transferencias de sus datos a terceros nacionales \u00f3 extranjeros. Se informa que sus datos personales, incluyendo sus datos sensibles, que actualmente y en un futuro formen parte de nuestros registros ser\u00e1n utilizados \u00fanicamente por las empresas que conforman \u201cRedpetroil\u201d, y exclusivamente con fines promocionales y\/o para tr\u00e1mites que lo requiera, as\u00ed como; cuando alguna autoridad legal lo solicite.<\/div><div style=\"padding-left: 40px;\"><strong>VI) Modificaci\u00f3n al Aviso de Privacidad: (art. 18)<\/strong> Nos reservamos el derecho de efectuar en cualquier momento modificaciones o actualizaciones al presente aviso de privacidad, para atenci\u00f3n de novedades legislativas o jurisprudenciales, pol\u00edticas internas, nuevos requerimientos para la prestaci\u00f3n u ofrecimiento de nuestros servicios o productos y pr\u00e1cticas del mercado.<\/div><div style=\"padding-left: 40px;\">Estas modificaciones estar\u00e1n disponibles al p\u00fablico a trav\u00e9s nuestra p\u00e1gina de internet www.redpetroil.com.<\/div><div style=\"padding-left: 40px;\">\u00a0<\/div><div style=\"padding-left: 40px;\"><strong>VII) Quejas y Denuncias por el Tratamiento Indebido de sus Datos Personales:<\/strong> Si usted considera que su derecho de protecci\u00f3n de datos personales ha sido lesionado por alguna conducta de nuestros empleados o de nuestras actuaciones o respuestas, presume que en el tratamiento de sus datos personales existe alguna violaci\u00f3n a las disposiciones previstas en la Ley Federal de Protecci\u00f3n de Datos Personales en Posesi\u00f3n de los Particulares, podr\u00e1 interponer la queja o denuncia correspondiente ante el IFAI, para mayor informaci\u00f3n visite www.ifai.org.mx.<\/div><div>\u00a0<\/div><div>\u00a0<\/div><div>\u00a0<\/div><div><strong>Fecha de la \u00faltima actualizaci\u00f3n: [11\/Marzo\/2013].<\/strong><\/div>\t\t\t\t\t\t\t\t<\/div>\n\t\t\t\t\t<\/div>\n\t\t\t\t<\/div>\n\t\t\t\t<\/div>\n\t\t","protected":false},"excerpt":{"rendered":"<p>AVISO DE PRIVACIDAD PETROPLAZAS S.A. DE C.V. con domicilio en: Ave. Marina Mazatl\u00e1n no. 2216 Fracc. La Marina C.P. 82102, Ave. Manuel J. Clouthier no. 8002 Fracc. Infonavit La Foresta C.P. 82198, Ave. Obrero Mundial no. 2328 Col. 12 de mayo C.P. 82020, Ave. Camar\u00f3n S\u00e1balo no. 4709 Fracc. S\u00e1balo Country Club C.P. 82100 y [&hellip;]<\/p>\n","protected":false},"author":1,"featured_media":0,"parent":0,"menu_order":0,"comment_status":"closed","ping_status":"closed","template":"elementor_theme","meta":{"footnotes":""},"class_list":["post-43","page","type-page","status-publish","hentry"],"_links":{"self":[{"href":"https:\/\/gasolinerasgrupopetroil.com.mx\/index.php?rest_route=\/wp\/v2\/pages\/43","targetHints":{"allow":["GET"]}}],"collection":[{"href":"https:\/\/gasolinerasgrupopetroil.com.mx\/index.php?rest_route=\/wp\/v2\/pages"}],"about":[{"href":"https:\/\/gasolinerasgrupopetroil.com.mx\/index.php?rest_route=\/wp\/v2\/types\/page"}],"author":[{"embeddable":true,"href":"https:\/\/gasolinerasgrupopetroil.com.mx\/index.php?rest_route=\/wp\/v2\/users\/1"}],"replies":[{"embeddable":true,"href":"https:\/\/gasolinerasgrupopetroil.com.mx\/index.php?rest_route=%2Fwp%2Fv2%2Fcomments&post=43"}],"version-history":[{"count":5,"href":"https:\/\/gasolinerasgrupopetroil.com.mx\/index.php?rest_route=\/wp\/v2\/pages\/43\/revisions"}],"predecessor-version":[{"id":128,"href":"https:\/\/gasolinerasgrupopetroil.com.mx\/index.php?rest_route=\/wp\/v2\/pages\/43\/revisions\/128"}],"wp:attachment":[{"href":"https:\/\/gasolinerasgrupopetroil.com.mx\/index.php?rest_route=%2Fwp%2Fv2%2Fmedia&parent=43"}],"curies":[{"name":"wp","href":"https:\/\/api.w.org\/{rel}","templated":true}]}}