{"id":48,"date":"2025-11-25T00:00:22","date_gmt":"2025-11-25T00:00:22","guid":{"rendered":"https:\/\/gasolinerasgrupopetroil.com.mx\/?page_id=48"},"modified":"2025-11-25T17:48:12","modified_gmt":"2025-11-25T17:48:12","slug":"terminos-de-uso","status":"publish","type":"page","link":"https:\/\/gasolinerasgrupopetroil.com.mx\/?page_id=48","title":{"rendered":"T\u00e9rminos de Uso"},"content":{"rendered":"\t\t<div data-elementor-type=\"wp-page\" data-elementor-id=\"48\" class=\"elementor elementor-48\" data-elementor-post-type=\"page\">\n\t\t\t\t<div class=\"elementor-element elementor-element-723d6c05 e-flex e-con-boxed e-con e-parent\" data-id=\"723d6c05\" data-element_type=\"container\" data-e-type=\"container\" data-settings=\"{&quot;background_background&quot;:&quot;classic&quot;}\">\n\t\t\t\t\t<div class=\"e-con-inner\">\n\t\t\t\t<div class=\"elementor-element elementor-element-566b7f4f elementor-widget elementor-widget-heading\" data-id=\"566b7f4f\" data-element_type=\"widget\" data-e-type=\"widget\" data-widget_type=\"heading.default\">\n\t\t\t\t\t<h2 class=\"elementor-heading-title elementor-size-default\">t\u00c9RMINOS DE USO<\/h2>\t\t\t\t<\/div>\n\t\t\t\t\t<\/div>\n\t\t\t\t<\/div>\n\t\t<div class=\"elementor-element elementor-element-231f0d3 e-flex e-con-boxed e-con e-parent\" data-id=\"231f0d3\" data-element_type=\"container\" data-e-type=\"container\">\n\t\t\t\t\t<div class=\"e-con-inner\">\n\t\t\t\t<div class=\"elementor-element elementor-element-425634c elementor-widget elementor-widget-text-editor\" data-id=\"425634c\" data-element_type=\"widget\" data-e-type=\"widget\" data-widget_type=\"text-editor.default\">\n\t\t\t\t\t\t\t\t\t<p class=\"panel_title\">Para Abastecedora de Combustibles del Pacifico S.A. de C.V. y Petroplazas S.A. de C.V. para efectos del presente aviso de privacidad \u201cRedpetroil\u00ae\u201d.<\/p><div class=\"parrafo\"><div>Para \u201cRedpetroil\u00ae\u201d su privacidad y confianza son muy importantes por ello queremos asegurarnos de que nuestros clientes conozcan c\u00f3mo salvaguardamos la integridad, privacidad y protecci\u00f3n de sus datos personales conforme a lo previsto en la Ley Federal de Protecci\u00f3n de Datos Personales en Posesi\u00f3n de los Particulares (la &#8220;Ley&#8221;).<\/div><div>\u00a0<\/div><p>Abastecedora de Combustibles del Pacifico S.A. de C.V. y Petroplazas S.A. de C.V. ambas con domicilio en: Av. Puerto de Mazatl\u00e1n # 4, Parque Industrial Alfredo V. Bonfil, C.P. 82050, Mazatl\u00e1n, Sinaloa, manifiestan lo siguiente:<\/p><div>\u00a0<\/div><h6>I. CONTENIDO DE LOS DATOS PERSONALES<\/h6><div>De acuerdo con la Ley, se entienden como \u201cDatos Personales\u201d cualquier informaci\u00f3n alusiva a una persona f\u00edsica identificada o identificable. Para efectos del presente Aviso de Privacidad, de manera enunciativa m\u00e1s no limitativa, se entender\u00e1n como \u201cDatos Personales\u201d:<\/div><div>\u00a0<\/div><div style=\"padding-left: 40px;\"><strong>a) Datos generales:<\/strong> Nombre (s) y apellidos, fecha de nacimiento, sexo, estado civil, existencia o no de hijos, domicilio, tel\u00e9fono fijo (de casa u oficina), tel\u00e9fono celular, correo electr\u00f3nico, Registro Federal de Causantes (RFC), Clave \u00danica de Registro Poblacional (CURP), r\u00e9gimen fiscal, especificaci\u00f3n sobre formas de pago (efectivo, vales, cheques, dep\u00f3sitos y\/o visas), n\u00famero de folio de Credencial de Elector (IFE), entre otros datos similares concernientes a una persona.<\/div><div>\u00a0<\/div><div style=\"padding-left: 40px;\"><strong>b) Datos personales sensibles:<\/strong> Se consideran datos personales sensibles, informaci\u00f3n de: origen racial o \u00e9tnico, estado de salud presente y futura, informaci\u00f3n gen\u00e9tica, creencias religiosas, filos\u00f3ficas y morales, afiliaci\u00f3n sindical, opiniones pol\u00edticas, preferencia sexual.<\/div><div>\u00a0<\/div><div style=\"padding-left: 40px;\">Para cumplir con las finalidades previstas en este aviso, en caso de ser recabados datos personales de este tipo, estos ser\u00e1n tratados bajo medidas de seguridad, siempre garantizando su confidencialidad.<\/div><div>\u00a0<\/div><div style=\"padding-left: 40px;\">Si usted no manifiesta su oposici\u00f3n mediante la solicitud de revocaci\u00f3n para los derechos ARCO, para que sus datos personales sensibles sean tratados, se entender\u00e1 que ha otorgado su consentimiento para ello. Consentimiento: \u201cAl recibir este aviso, manifiesto mi voluntad como titular de los datos, para que Redpetroil\u00ae\u00a0efect\u00fae el tratamiento de los mismos, entendiendo como tratamiento la obtenci\u00f3n, uso, divulgaci\u00f3n o almacenamiento de datos personales, por cualquier medio. El uso abarca cualquier acci\u00f3n de acceso, manejo, aprovechamiento, transferencia o disposici\u00f3n de mis datos personales&#8221;.<\/div><div>\u00a0<\/div><div style=\"padding-left: 40px;\"><strong>c) Datos relacionados con solicitudes de empleo:<\/strong> Cuando se ingresen o proporcionen Datos Personales en la bolsa de trabajo de Red Petroil adem\u00e1s de los datos generales, se considerar\u00e1n Datos Personales la informaci\u00f3n sobre nivel educativo, experiencia laboral y cualquier informaci\u00f3n relacionada con la solicitud de empleo llenada o el curriculum vitae que sea entregado o enviado.<\/div><div>\u00a0<\/div><div style=\"padding-left: 40px;\"><strong>d) Revistas y transacciones en l\u00ednea:<\/strong> Cuando el usuario se suscriba para recibir alguno de los productos de Redpetroil\u00ae tales como publicidad impresa (revistas, boletines, folletos, etc.), boletines electr\u00f3nicos, entre otros y cuando se realicen transacciones para la compra de productos y servicios en cualquiera de nuestras plataformas digitales, actuales o futuras, adem\u00e1s de los datos generales, se consideraran Datos Personales los relacionados con tarjetas bancarias tales como nombre del tarjetahabiente, n\u00famero de tarjeta, fecha de vencimiento de la tarjeta, tipo de tarjeta, c\u00f3digo de seguridad, adem\u00e1s del domicilio de entrega del producto y cualquier otra informaci\u00f3n y cualquier informaci\u00f3n necesaria para la suscripci\u00f3n o transacci\u00f3n en l\u00ednea.<\/div><div>\u00a0<\/div><div style=\"padding-left: 40px;\">Los Datos Personales referidos en este punto \u00fanicamente estar\u00e1n sujetos a las Finalidades del Tratamiento establecidas m\u00e1s adelante en el presente Aviso de Privacidad, por el tiempo que dure la transacci\u00f3n comercial; es decir, una vez que la transacci\u00f3n y sus efectos concluyan, los Datos Personales ser\u00e1n eliminados de nuestras bases de datos.<\/div><div>\u00a0<\/div><div style=\"padding-left: 40px;\">Los Datos personales mencionados en los incisos a, b y c arriba expuestos y correspondientes al presente Aviso de Privacidad, ser\u00e1n recabados mediante el llenado de los formatos y\/o mediante la recopilaci\u00f3n de informaci\u00f3n o documentaci\u00f3n requerida por Redpetroil\u00ae ya sea de manera personal o v\u00eda electr\u00f3nica a trav\u00e9s de las p\u00e1gina de internet oficial de la empresa: redpetroil.com y magno sorteo.redpetroil.com<\/div><div>\u00a0<\/div><div style=\"padding-left: 40px;\"><strong>e) Redes Sociales:<\/strong> Las redes sociales (tales como Facebook, Twitter, Foursquare, Linked In, entre otras), son una plataforma de comunicaci\u00f3n e interconexi\u00f3n dentro de plataformas digitales de los diferentes usuarios, son ajenas a Red Petroil y por lo tanto, no se encuentran bajo su responsabilidad. La informaci\u00f3n que se proporcione a las redes sociales en las que RedPetroil\u00ae participa como usuario, no forma parte de los Datos Personales sujetos a la protecci\u00f3n de este Aviso de Privacidad, siendo responsabilidad de la empresa prestadora de esa plataforma y de qui\u00e9n lo publica.<\/div><div>\u00a0<\/div><div style=\"padding-left: 40px;\"><strong>f) Cookies:<\/strong> Los Cookies son archivos de texto que se descargan autom\u00e1ticamente y se almacenan en el disco duro del equipo de c\u00f3mputo del usuario al navegar en una p\u00e1gina o portal de Internet espec\u00edfico, que permiten almacenar al servidor de Internet ciertos datos, entre ellos, p\u00e1ginas preferidas de visualizaci\u00f3n en internet, algunas claves y contrase\u00f1as. Redpetroil\u00ae (Abastecedora de Combustibles del Pacifico S.A. de C.V. y Petroplazas S.A. de C.V.) utilizar\u00e1 cookies para determinar sus preferencias cuando se conecta a los servicios de nuestro sitio. Por lo anteriormente dicho, a partir de este momento, el usuario otorga su consentimiento a Redpetroil\u00ae para mantener en sus registros tanto f\u00edsicos como electr\u00f3nicos, toda la informaci\u00f3n que nos haya sido facilitada a trav\u00e9s de cualquier medio de los puestos a disposici\u00f3n por Redpetroil\u00ae a fin de recabar sus Datos Personales.<\/div><div>\u00a0<\/div><div>La confidencialidad y seguridad de los datos que los usuarios proporcionen al solicitar un servicio o comprar un producto en l\u00ednea, estar\u00e1n protegidos con un candado SSL (Secure Socket Layer) de VeriSign; de tal forma que los datos proporcionados se transmitir\u00e1n encriptados para asegurar su resguardo. Sin embargo, el usuario y\/o clientes de Redpetroil\u00ae entienden y aceptan que los mecanismos de seguridad para la informaci\u00f3n que viaja por Internet podr\u00edan tener errores y fallas que escapan del control de Red Petroil y que por ser el Internet un medio de libre acceso al p\u00fablico en general, pudiera ser vulnerable de delitos inform\u00e1ticos por parte de terceros sin responsabilidad para Redpetroil\u00ae (Abastecedora de Combustibles del Pacifico S.A. de C.V. y Petroplazas S.A. de C.V.)<\/div><\/div>\t\t\t\t\t\t\t\t<\/div>\n\t\t\t\t\t<\/div>\n\t\t\t\t<\/div>\n\t\t\t\t<\/div>\n\t\t","protected":false},"excerpt":{"rendered":"<p>t\u00c9RMINOS DE USO Para Abastecedora de Combustibles del Pacifico S.A. de C.V. y Petroplazas S.A. de C.V. para efectos del presente aviso de privacidad \u201cRedpetroil\u00ae\u201d. Para \u201cRedpetroil\u00ae\u201d su privacidad y confianza son muy importantes por ello queremos asegurarnos de que nuestros clientes conozcan c\u00f3mo salvaguardamos la integridad, privacidad y protecci\u00f3n de sus datos personales conforme [&hellip;]<\/p>\n","protected":false},"author":1,"featured_media":0,"parent":0,"menu_order":0,"comment_status":"closed","ping_status":"closed","template":"elementor_theme","meta":{"footnotes":""},"class_list":["post-48","page","type-page","status-publish","hentry"],"_links":{"self":[{"href":"https:\/\/gasolinerasgrupopetroil.com.mx\/index.php?rest_route=\/wp\/v2\/pages\/48","targetHints":{"allow":["GET"]}}],"collection":[{"href":"https:\/\/gasolinerasgrupopetroil.com.mx\/index.php?rest_route=\/wp\/v2\/pages"}],"about":[{"href":"https:\/\/gasolinerasgrupopetroil.com.mx\/index.php?rest_route=\/wp\/v2\/types\/page"}],"author":[{"embeddable":true,"href":"https:\/\/gasolinerasgrupopetroil.com.mx\/index.php?rest_route=\/wp\/v2\/users\/1"}],"replies":[{"embeddable":true,"href":"https:\/\/gasolinerasgrupopetroil.com.mx\/index.php?rest_route=%2Fwp%2Fv2%2Fcomments&post=48"}],"version-history":[{"count":5,"href":"https:\/\/gasolinerasgrupopetroil.com.mx\/index.php?rest_route=\/wp\/v2\/pages\/48\/revisions"}],"predecessor-version":[{"id":125,"href":"https:\/\/gasolinerasgrupopetroil.com.mx\/index.php?rest_route=\/wp\/v2\/pages\/48\/revisions\/125"}],"wp:attachment":[{"href":"https:\/\/gasolinerasgrupopetroil.com.mx\/index.php?rest_route=%2Fwp%2Fv2%2Fmedia&parent=48"}],"curies":[{"name":"wp","href":"https:\/\/api.w.org\/{rel}","templated":true}]}}